{"id":2623,"date":"2024-02-22T21:54:53","date_gmt":"2024-02-23T02:54:53","guid":{"rendered":"https:\/\/neptuneskate.com\/?post_type=product&#038;p=2623"},"modified":"2025-07-10T19:45:44","modified_gmt":"2025-07-10T23:45:44","slug":"welcome-big-barb-hood-black","status":"publish","type":"product","link":"https:\/\/neptuneskate.com\/en\/product\/welcome-big-barb-hood-black\/","title":{"rendered":"WELCOME Big Barb Hood &#8211; Black"},"content":{"rendered":"<p>Il s&rsquo;agit du Hoodie <strong>WELCOME<\/strong> Big Barb Hood &#8211; Black de <strong>WELCOME<\/strong>. La couleur est noire.<\/p>\n<ul>\n<li>Pull \u00e0 capuche Molleton<\/li>\n<li>Import\u00e9 s\u00e9rigraphi\u00e9 en Californie<\/li>\n<li>Standard Cut<\/li>\n<\/ul>","protected":false},"excerpt":{"rendered":"<ul>\n<li>Pull \u00e0 capuche Molleton<\/li>\n<li>Import\u00e9 s\u00e9rigraphi\u00e9 en Californie<\/li>\n<li>Standard Cut<\/li>\n<\/ul>","protected":false},"featured_media":2913,"comment_status":"open","ping_status":"closed","template":"","meta":[],"product_brand":[],"product_cat":[33],"product_tag":[174,173,179],"class_list":{"0":"post-2623","1":"product","2":"type-product","3":"status-publish","4":"has-post-thumbnail","6":"product_cat-hoodies","7":"product_tag-coupe-standard","8":"product_tag-hoodie","9":"product_tag-welcome","10":"pa_grandeur-hoodie-m","11":"pa_grandeur-hoodie-xl","13":"first","14":"outofstock","15":"featured","16":"taxable","17":"shipping-taxable","18":"product-type-variable"},"jetpack_sharing_enabled":true,"_links":{"self":[{"href":"https:\/\/neptuneskate.com\/en\/wp-json\/wp\/v2\/product\/2623","targetHints":{"allow":["GET"]}}],"collection":[{"href":"https:\/\/neptuneskate.com\/en\/wp-json\/wp\/v2\/product"}],"about":[{"href":"https:\/\/neptuneskate.com\/en\/wp-json\/wp\/v2\/types\/product"}],"replies":[{"embeddable":true,"href":"https:\/\/neptuneskate.com\/en\/wp-json\/wp\/v2\/comments?post=2623"}],"wp:featuredmedia":[{"embeddable":true,"href":"https:\/\/neptuneskate.com\/en\/wp-json\/wp\/v2\/media\/2913"}],"wp:attachment":[{"href":"https:\/\/neptuneskate.com\/en\/wp-json\/wp\/v2\/media?parent=2623"}],"wp:term":[{"taxonomy":"product_brand","embeddable":true,"href":"https:\/\/neptuneskate.com\/en\/wp-json\/wp\/v2\/product_brand?post=2623"},{"taxonomy":"product_cat","embeddable":true,"href":"https:\/\/neptuneskate.com\/en\/wp-json\/wp\/v2\/product_cat?post=2623"},{"taxonomy":"product_tag","embeddable":true,"href":"https:\/\/neptuneskate.com\/en\/wp-json\/wp\/v2\/product_tag?post=2623"}],"curies":[{"name":"wp","href":"https:\/\/api.w.org\/{rel}","templated":true}]}}