{"id":2532,"date":"2024-02-19T10:39:25","date_gmt":"2024-02-19T15:39:25","guid":{"rendered":"https:\/\/neptuneskate.com\/?post_type=product&#038;p=2532"},"modified":"2024-08-14T12:42:40","modified_gmt":"2024-08-14T16:42:40","slug":"frosted-wavy-jeans-light-blue","status":"publish","type":"product","link":"https:\/\/neptuneskate.com\/en\/product\/frosted-wavy-jeans-light-blue\/","title":{"rendered":"FROSTED Wavy Jeans &#8211; Light Blue"},"content":{"rendered":"<p>Il s&rsquo;agit du jean <strong>FROSTED<\/strong> Wavy Jeans &#8211; Light Blue de <strong>FROSTED<\/strong>. Avec sa coupe ample, c&rsquo;est le pantalon pr\u00e9f\u00e9r\u00e9 de tous.<\/p>\n<ul>\n<li>Mat\u00e9riel: 100% coton<\/li>\n<li><strong>Baggy<\/strong><\/li>\n<\/ul>","protected":false},"excerpt":{"rendered":"<ul>\n<li>Mat\u00e9riel: 100% coton<\/li>\n<li><strong>Baggy<\/strong><\/li>\n<\/ul>","protected":false},"featured_media":3130,"comment_status":"open","ping_status":"closed","template":"","meta":[],"product_brand":[],"product_cat":[60],"product_tag":[164,177,161,187,152],"class_list":{"0":"post-2532","1":"product","2":"type-product","3":"status-publish","4":"has-post-thumbnail","6":"product_cat-pantalon","7":"product_tag-100-coton","8":"product_tag-coupe-decontracte","9":"product_tag-frosted","10":"product_tag-jean","11":"product_tag-pantalon","12":"pa_grandeur-pantalon-m","13":"pa_grandeur-pantalon-s","15":"first","16":"outofstock","17":"taxable","18":"shipping-taxable","19":"product-type-variable"},"jetpack_sharing_enabled":true,"_links":{"self":[{"href":"https:\/\/neptuneskate.com\/en\/wp-json\/wp\/v2\/product\/2532","targetHints":{"allow":["GET"]}}],"collection":[{"href":"https:\/\/neptuneskate.com\/en\/wp-json\/wp\/v2\/product"}],"about":[{"href":"https:\/\/neptuneskate.com\/en\/wp-json\/wp\/v2\/types\/product"}],"replies":[{"embeddable":true,"href":"https:\/\/neptuneskate.com\/en\/wp-json\/wp\/v2\/comments?post=2532"}],"wp:featuredmedia":[{"embeddable":true,"href":"https:\/\/neptuneskate.com\/en\/wp-json\/wp\/v2\/media\/3130"}],"wp:attachment":[{"href":"https:\/\/neptuneskate.com\/en\/wp-json\/wp\/v2\/media?parent=2532"}],"wp:term":[{"taxonomy":"product_brand","embeddable":true,"href":"https:\/\/neptuneskate.com\/en\/wp-json\/wp\/v2\/product_brand?post=2532"},{"taxonomy":"product_cat","embeddable":true,"href":"https:\/\/neptuneskate.com\/en\/wp-json\/wp\/v2\/product_cat?post=2532"},{"taxonomy":"product_tag","embeddable":true,"href":"https:\/\/neptuneskate.com\/en\/wp-json\/wp\/v2\/product_tag?post=2532"}],"curies":[{"name":"wp","href":"https:\/\/api.w.org\/{rel}","templated":true}]}}