{"id":3,"date":"2023-10-27T05:32:48","date_gmt":"2023-10-27T09:32:48","guid":{"rendered":"http:\/\/qgcdiscord.com\/?page_id=3"},"modified":"2025-03-10T19:34:06","modified_gmt":"2025-03-10T23:34:06","slug":"politique-de-confidentialite","status":"publish","type":"page","link":"https:\/\/neptuneskate.com\/en\/politique-de-confidentialite\/","title":{"rendered":"Privacy Policy"},"content":{"rendered":"<h2 class=\"wp-block-heading\">Who we are<\/h2>\n\n\n\n<p>L&rsquo;adresse de notre site Web est: https:\/\/neptuneskate.com.<\/p>\n\n\n\n<h2 class=\"wp-block-heading\">Comments<\/h2>\n\n\n\n<p>lorsque les visiteurs laissent des commentaires sur le site, nous collectons les donn\u00e9es affich\u00e9es dans le formulaire de commentaires, ainsi que l&rsquo;adresse IP du visiteur et la cha\u00eene de l&rsquo;agent utilisateur du navigateur pour faciliter la d\u00e9tection du spam.<\/p>\n\n\n\n<p>Une cha\u00eene anonymis\u00e9e cr\u00e9\u00e9e \u00e0 partir de votre adresse e-mail (\u00e9galement appel\u00e9e hachage) peut \u00eatre fournie au service Gravatar pour voir si vous l&rsquo;utilisez. La politique de confidentialit\u00e9 du service Gravatar est disponible ici: https:\/\/automattic.com\/privacy\/. Apr\u00e8s approbation de votre commentaire, votre photo de profil est visible publiquement dans le cadre de votre commentaire.<\/p>\n\n\n\n<h2 class=\"wp-block-heading\">Media<\/h2>\n\n\n\n<p>If you upload images to the Website, you should avoid uploading images that contain embedded location data (EXIF GPS). Website visitors can download and extract all location data from images on the website.<\/p>\n\n\n\n<h2 class=\"wp-block-heading\">Cookies<\/h2>\n\n\n\n<p>Si vous laissez un commentaire sur notre site, vous pouvez choisir d&rsquo;enregistrer votre nom, votre adresse e-mail et votre site Web dans des cookies. Ces informations sont destin\u00e9es \u00e0 votre commodit\u00e9 afin que vous n&rsquo;ayez pas \u00e0 remplir \u00e0 nouveau vos coordonn\u00e9es lorsque vous laissez un autre commentaire. Ces cookies dureront un an.<\/p>\n\n\n\n<p>If you visit our login page, we will set a temporary cookie to determine whether your browser accepts cookies. This cookie does not contain any personal data and is deleted when you close your browser.<\/p>\n\n\n\n<p>Lors de votre connexion, nous mettrons \u00e9galement en place plusieurs cookies pour enregistrer vos informations de connexion et vos choix d&rsquo;affichage \u00e0 l&rsquo;\u00e9cran. Les cookies de connexion durent deux jours et les cookies d\u2019options d\u2019\u00e9cran durent un an. Si vous s\u00e9lectionnez \u00ab Se souvenir de moi \u00bb, votre connexion persistera pendant deux semaines. Si vous vous d\u00e9connectez de votre compte, les cookies de connexion seront supprim\u00e9s.<\/p>\n\n\n\n<p>Si vous modifiez ou publiez un article, un cookie suppl\u00e9mentaire sera enregistr\u00e9 dans votre navigateur. Ce cookie ne contient aucune donn\u00e9e personnelle et indique simplement l&rsquo;identifiant de la publication de l&rsquo;article que vous venez de modifier. Il expire apr\u00e8s 1 jour.<\/p>\n\n\n\n<h2 class=\"wp-block-heading\">Contenu int\u00e9gr\u00e9 provenant d&rsquo;autres sites Web<\/h2>\n\n\n\n<p>Articles on this site may include embedded content (e.g. videos, images, articles, etc.). Embedded content from other websites behaves exactly the same as if the visitor had visited the other website.<\/p>\n\n\n\n<p>Ces sites Web peuvent collecter des donn\u00e9es sur vous, utiliser des cookies, int\u00e9grer un suivi tiers suppl\u00e9mentaire et surveiller votre interaction avec ce contenu int\u00e9gr\u00e9, y compris le suivi de votre interaction avec le contenu int\u00e9gr\u00e9 si vous disposez d&rsquo;un compte et \u00eates connect\u00e9 \u00e0 ce site Web.<\/p>\n\n\n\n<h2 class=\"wp-block-heading\">How long do we keep your data<\/h2>\n\n\n\n<p>Si vous laissez un commentaire, le commentaire et ses m\u00e9tadonn\u00e9es sont conserv\u00e9s ind\u00e9finiment. Cela nous permet de reconna\u00eetre et d&rsquo;approuver automatiquement tous les commentaires suivants au lieu de les conserver dans une file d&rsquo;attente de mod\u00e9ration.<\/p>\n\n\n\n<p>Pour les utilisateurs qui s&rsquo;inscrivent sur notre site Web (le cas \u00e9ch\u00e9ant), nous stockons \u00e9galement les informations personnelles qu&rsquo;ils fournissent dans leur profil d&rsquo;utilisateur. Tous les utilisateurs peuvent voir, modifier ou supprimer leurs informations personnelles \u00e0 tout moment (sauf qu&rsquo;ils ne peuvent pas modifier leur nom d&rsquo;utilisateur). Les administrateurs de sites Web peuvent \u00e9galement voir et modifier ces informations.<\/p>\n\n\n\n<h2 class=\"wp-block-heading\">Where your data is sent<\/h2>\n\n\n\n<p>Visitor comments may be checked through an automated spam detection service.<\/p>","protected":false},"excerpt":{"rendered":"<p>Qui nous sommes L&rsquo;adresse de notre site Web est: https:\/\/neptuneskate.com. Commentaires lorsque les visiteurs laissent des commentaires sur le site, nous collectons les donn\u00e9es affich\u00e9es dans le formulaire de commentaires, ainsi que l&rsquo;adresse IP du visiteur et la cha\u00eene de l&rsquo;agent utilisateur du navigateur pour faciliter la d\u00e9tection du spam. Une cha\u00eene anonymis\u00e9e cr\u00e9\u00e9e \u00e0 partir de votre adresse e-mail [&hellip;]<\/p>\n","protected":false},"author":1,"featured_media":0,"parent":0,"menu_order":0,"comment_status":"closed","ping_status":"closed","template":"","meta":{"footnotes":""},"class_list":["post-3","page","type-page","status-publish","hentry"],"jetpack_sharing_enabled":true,"_links":{"self":[{"href":"https:\/\/neptuneskate.com\/en\/wp-json\/wp\/v2\/pages\/3","targetHints":{"allow":["GET"]}}],"collection":[{"href":"https:\/\/neptuneskate.com\/en\/wp-json\/wp\/v2\/pages"}],"about":[{"href":"https:\/\/neptuneskate.com\/en\/wp-json\/wp\/v2\/types\/page"}],"author":[{"embeddable":true,"href":"https:\/\/neptuneskate.com\/en\/wp-json\/wp\/v2\/users\/1"}],"replies":[{"embeddable":true,"href":"https:\/\/neptuneskate.com\/en\/wp-json\/wp\/v2\/comments?post=3"}],"version-history":[{"count":6,"href":"https:\/\/neptuneskate.com\/en\/wp-json\/wp\/v2\/pages\/3\/revisions"}],"predecessor-version":[{"id":3684,"href":"https:\/\/neptuneskate.com\/en\/wp-json\/wp\/v2\/pages\/3\/revisions\/3684"}],"wp:attachment":[{"href":"https:\/\/neptuneskate.com\/en\/wp-json\/wp\/v2\/media?parent=3"}],"curies":[{"name":"wp","href":"https:\/\/api.w.org\/{rel}","templated":true}]}}